{"id":113,"date":"2009-12-09T14:14:45","date_gmt":"2009-12-09T13:14:45","guid":{"rendered":"https:\/\/klaas.dk\/blog\/?page_id=113"},"modified":"2022-12-18T14:05:16","modified_gmt":"2022-12-18T13:05:16","slug":"pias-jule%c3%b8nsker","status":"publish","type":"page","link":"https:\/\/klaas.dk\/blog\/?page_id=113","title":{"rendered":"Pias \u00f8nsker"},"content":{"rendered":"<p><strong>Opdateret 18. Dec 2022<\/strong><\/p>\n<p>Le<br \/>\nBeurer Massages\u00e6de MG320<\/p>\n<p>Pivo Silver<\/p>\n<p>Spil Master of Nutrition, <a href=\"https:\/\/nenuc.dk\/spil-master-of-nutrition-med-mig\/\">Spil Master of Nutrition med mig &#8211; Master of Nutrition &#8211; verdens f\u00f8rste br\u00e6tspil om fodring af heste (nenuc.dk)<\/a><\/p>\n<p>Apple urrem,\u00a0<a href=\"https:\/\/www.mobilcovers.dk\/products\/apple-watch-38-40mm-puro-milanese-stainless-steel-rem-rose-gold?gclid=CjwKCAiAkfucBhBBEiwAFjbkrx3pNkIy20k5ASRCtsNDUdksaHFAd1z6Dj2QC6Nt2YAp7YNBPic5KBoCaxgQAvD_BwE\">Puro Apple Watch rem &#8211; S\/M &#8211; St\u00e5l &#8211; 38-41 mm &#8211; Rose<\/a><\/p>\n<p>B\u00f8ger:<br \/>\nBOMTR\u00c6NING. Skrevet af Pauline Preston<\/p>\n<p>Puslespil. Jan van Haasteren mindst 1500 brikker (har &#8220;Byggepladsen&#8221;, &#8220;K\u00f8kkenet&#8221;, &#8220;Marchen&#8221;, &#8220;Whacky Water World&#8221;, &#8220;Lawn Mower Race&#8221; og &#8220;Hundeudstilling&#8221;) og WASGIJ puslespil mindst 1000 brikker (har &#8220;H\u00f8jvande&#8221; og Destiny Puzzle nr 12 + 13).<\/p>\n","protected":false},"excerpt":{"rendered":"<p>Opdateret 18. Dec 2022 Le Beurer Massages\u00e6de MG320 Pivo Silver Spil Master of Nutrition, Spil Master of Nutrition med mig &#8211; Master of Nutrition &#8211; verdens f\u00f8rste br\u00e6tspil om fodring af heste (nenuc.dk) Apple urrem,\u00a0Puro Apple Watch rem &#8211; S\/M &#8211; St\u00e5l &#8211; 38-41 mm &#8211; Rose B\u00f8ger: BOMTR\u00c6NING. Skrevet af Pauline Preston Puslespil. Jan &hellip; <a href=\"https:\/\/klaas.dk\/blog\/?page_id=113\" class=\"more-link\">Continue reading <span class=\"screen-reader-text\">Pias \u00f8nsker<\/span> <span class=\"meta-nav\">&rarr;<\/span><\/a><\/p>\n","protected":false},"author":3,"featured_media":0,"parent":0,"menu_order":0,"comment_status":"open","ping_status":"open","template":"","meta":{"footnotes":""},"_links":{"self":[{"href":"https:\/\/klaas.dk\/blog\/index.php?rest_route=\/wp\/v2\/pages\/113"}],"collection":[{"href":"https:\/\/klaas.dk\/blog\/index.php?rest_route=\/wp\/v2\/pages"}],"about":[{"href":"https:\/\/klaas.dk\/blog\/index.php?rest_route=\/wp\/v2\/types\/page"}],"author":[{"embeddable":true,"href":"https:\/\/klaas.dk\/blog\/index.php?rest_route=\/wp\/v2\/users\/3"}],"replies":[{"embeddable":true,"href":"https:\/\/klaas.dk\/blog\/index.php?rest_route=%2Fwp%2Fv2%2Fcomments&post=113"}],"version-history":[{"count":76,"href":"https:\/\/klaas.dk\/blog\/index.php?rest_route=\/wp\/v2\/pages\/113\/revisions"}],"predecessor-version":[{"id":2316,"href":"https:\/\/klaas.dk\/blog\/index.php?rest_route=\/wp\/v2\/pages\/113\/revisions\/2316"}],"wp:attachment":[{"href":"https:\/\/klaas.dk\/blog\/index.php?rest_route=%2Fwp%2Fv2%2Fmedia&parent=113"}],"curies":[{"name":"wp","href":"https:\/\/api.w.org\/{rel}","templated":true}]}}