{"id":31,"date":"2009-08-10T16:40:00","date_gmt":"2009-08-10T15:40:00","guid":{"rendered":"https:\/\/klaas.dk\/blog\/?page_id=31"},"modified":"2025-12-07T17:38:55","modified_gmt":"2025-12-07T16:38:55","slug":"klavs-%c3%b8nsker","status":"publish","type":"page","link":"https:\/\/klaas.dk\/blog\/?page_id=31","title":{"rendered":"Klavs&#8217; \u00f8nsker"},"content":{"rendered":"<p><strong>Opdateret 7. Dec 2025<\/strong><\/p>\n<p>ude k\u00f8kken, med skab, vask og k\u00f8kkenbord<\/p>\n<p><a href=\"https:\/\/www.berrybean.dk\/19-0016-cafelat-mikrofiber-baristaklude-4-stk\">Barista klude<\/a><\/p>\n<p><a href=\"https:\/\/absolutkaffe.dk\/shop\/40-baristaudstyr\/1332-praecisions-tamper-534mm-passer-til-sage-54mm---brun\/\">Tamper 54mm<\/a><\/p>\n<p>Skjorter (til jakkes\u00e6t og slips), str 41\/42 large<\/p>\n<p><a href=\"https:\/\/www.orientwatch.co.uk\/or\/en_GB\/products\/watches\/contemporary\/orient-star-contemporary-full-skeleton\/p\/RE-AZ0101N\">Orient Star full skeleton<\/a><br \/>\nUrene nedenunder kan findes billigere andre steder&#8230;<br \/>\n<a href=\"http:\/\/www.tagheuer.com\/int-en\/luxury-watches\/aquaracer\/aquaracer-500-m-calibre-16automatic-chronograph43-mm-black-steel-bracelet-cak2111-ba0833\">Tag Heuer Aquaracer<\/a><br \/>\n<a href=\"http:\/\/www.overstock.com\/Jewelry-Watches\/Tag-Heuer-Mens-Carrera-Watch\/6175030\/product.html?refccid=C5SWN3MU7AQKMFKPSA3QVVEM6E&amp;searchidx=10\">Tag Heuer Carrera <\/a><br \/>\nYaxell k\u00f8kkenknive, findes hos <a href=\"https:\/\/www.jpknive.dk\/serier\/yaxell-gou\/\">JP Knive<\/a>:<\/p>\n<ul>\n<li><a href=\"https:\/\/www.thegoodstuffshop.dk\/d\/Kina-Chopper-18-cm-GOU-101-lag-damascus-staal-i8416.html\">RAN Kinesisk Chopper 19 cm<\/a><\/li>\n<li><a href=\"https:\/\/www.thegoodstuffshop.dk\/d\/Den-du-saa-i-Jaeger-Crock-Stick-knivsliber-i473.html\">Crock Stick, knivskiber<\/a><\/li>\n<\/ul>\n<p><a href=\"https:\/\/knivblokken.dk\/produkter\/yaxell-gou-slibesten-240-1000\/\">Yaxell Gou Slibesten 240\/1000<\/a><\/p>\n<p><a href=\"https:\/\/knivblokken.dk\/produkter\/yaxell-gou-slibesten-3000-8000\/\">Yaxell Gou Slibesten 3000\/8000<\/a><\/p>\n<p><strong>PlayStation 5<\/strong><\/p>\n<p><strong>Til bilen<\/strong><\/p>\n<ul>\n<li><a href=\"https:\/\/www.amazon.com\/Physics-Gearheads-Introduction-Dynamics-Motorsports\/dp\/0837616158\/ref=as_sl_pc_qf_sp_asin_til?tag=engineerin0c-20&amp;linkCode=w00&amp;linkId=8ce62bbfff1e97cbce82f2d8ceb09cca&amp;creativeASIN=0837616158\">Physics for Gearheads<\/a><\/li>\n<\/ul>\n<p><strong>Svejse apparat<\/strong><\/p>\n<p><strong>Apple Watch<\/strong><\/p>\n","protected":false},"excerpt":{"rendered":"<p>Opdateret 7. Dec 2025 ude k\u00f8kken, med skab, vask og k\u00f8kkenbord Barista klude Tamper 54mm Skjorter (til jakkes\u00e6t og slips), str 41\/42 large Orient Star full skeleton Urene nedenunder kan findes billigere andre steder&#8230; Tag Heuer Aquaracer Tag Heuer Carrera Yaxell k\u00f8kkenknive, findes hos JP Knive: RAN Kinesisk Chopper 19 cm Crock Stick, knivskiber Yaxell &hellip; <a href=\"https:\/\/klaas.dk\/blog\/?page_id=31\" class=\"more-link\">Continue reading <span class=\"screen-reader-text\">Klavs&#8217; \u00f8nsker<\/span> <span class=\"meta-nav\">&rarr;<\/span><\/a><\/p>\n","protected":false},"author":2,"featured_media":0,"parent":0,"menu_order":0,"comment_status":"closed","ping_status":"closed","template":"","meta":{"footnotes":""},"_links":{"self":[{"href":"https:\/\/klaas.dk\/blog\/index.php?rest_route=\/wp\/v2\/pages\/31"}],"collection":[{"href":"https:\/\/klaas.dk\/blog\/index.php?rest_route=\/wp\/v2\/pages"}],"about":[{"href":"https:\/\/klaas.dk\/blog\/index.php?rest_route=\/wp\/v2\/types\/page"}],"author":[{"embeddable":true,"href":"https:\/\/klaas.dk\/blog\/index.php?rest_route=\/wp\/v2\/users\/2"}],"replies":[{"embeddable":true,"href":"https:\/\/klaas.dk\/blog\/index.php?rest_route=%2Fwp%2Fv2%2Fcomments&post=31"}],"version-history":[{"count":235,"href":"https:\/\/klaas.dk\/blog\/index.php?rest_route=\/wp\/v2\/pages\/31\/revisions"}],"predecessor-version":[{"id":2350,"href":"https:\/\/klaas.dk\/blog\/index.php?rest_route=\/wp\/v2\/pages\/31\/revisions\/2350"}],"wp:attachment":[{"href":"https:\/\/klaas.dk\/blog\/index.php?rest_route=%2Fwp%2Fv2%2Fmedia&parent=31"}],"curies":[{"name":"wp","href":"https:\/\/api.w.org\/{rel}","templated":true}]}}