{"id":45,"date":"2009-08-09T11:46:25","date_gmt":"2009-08-09T10:46:25","guid":{"rendered":"https:\/\/klaas.dk\/blog\/?page_id=45"},"modified":"2021-12-13T21:40:17","modified_gmt":"2021-12-13T20:40:17","slug":"lilles%c3%b8ster-dab","status":"publish","type":"page","link":"https:\/\/klaas.dk\/blog\/?page_id=45","title":{"rendered":"Amalies \u00f8nsker"},"content":{"rendered":"<p><strong>Opdateret 13. dec 2021<\/strong><\/p>\n<p>Apple pencil<\/p>\n<p>T\u00f8j, str. 150\/12 \u00e5r og op.<\/p>\n<p>ProCreate til iPad (Gavekort til applestore)<\/p>\n<p>Ny 1.5 mandsseng med hvid halv h\u00f8j gavl<\/p>\n<p>Senge bord hvid med skuffe<\/p>\n<p><b>PS4 spil:<\/b><\/p>\n<p>Falcon age VR<\/p>\n<p><strong>Rideting:<\/strong><br \/>\nTr\u00e6 strigler: Borstiq strigler<br \/>\n<a href=\"https:\/\/www.horze.dk\/ridestoevler\/horze-rover-silicone-ridestoevler\/39091.html#color=BL&amp;gclid=EAIaIQobChMI3busub6v9AIVE-d3Ch3QsQbaEAQYBiABEgIcGfD_BwE\">Lange ridest\u00f8ler st. 39<\/a><br \/>\n<a href=\"https:\/\/www.lundemoellen.dk\/shop\/equipage-strigletaske-84180p.html?gclid=EAIaIQobChMIgfi9k7_58wIVwp13Ch3wpQLZEAQYAiABEgKVb_D_BwE&amp;CookieConsentChanged=1\">Ny strigle taske<\/a><br \/>\nSpring vest st. XS sort med<br \/>\nRide bukser st. 152: med grip i beige, bl\u00e5 eller hvid, og h\u00f8jtaljede med elastik. Gerne covalliero eller horze.<br \/>\nRide sokker st. 152 tynde eller tykke. bl\u00e5 eller beige.<\/p>\n<p><strong>Starstable:<\/strong><br \/>\nStar coins<\/p>\n<p><strong>B\u00f8ger:<\/strong><br \/>\nDemondr\u00e6beren 1,2,3<br \/>\nJeg er saga<br \/>\nEn magisk fort\u00e6lling<br \/>\nWreak it journal fra Bog og ide<\/p>\n<p><strong>T\u00f8j:<\/strong><br \/>\nL\u00f8se T-shirts<br \/>\nL\u00f8se bukser<\/p>\n","protected":false},"excerpt":{"rendered":"<p>Opdateret 13. dec 2021 Apple pencil T\u00f8j, str. 150\/12 \u00e5r og op. ProCreate til iPad (Gavekort til applestore) Ny 1.5 mandsseng med hvid halv h\u00f8j gavl Senge bord hvid med skuffe PS4 spil: Falcon age VR Rideting: Tr\u00e6 strigler: Borstiq strigler Lange ridest\u00f8ler st. 39 Ny strigle taske Spring vest st. XS sort med Ride &hellip; <a href=\"https:\/\/klaas.dk\/blog\/?page_id=45\" class=\"more-link\">Continue reading <span class=\"screen-reader-text\">Amalies \u00f8nsker<\/span> <span class=\"meta-nav\">&rarr;<\/span><\/a><\/p>\n","protected":false},"author":2,"featured_media":0,"parent":0,"menu_order":0,"comment_status":"open","ping_status":"open","template":"","meta":{"footnotes":""},"_links":{"self":[{"href":"https:\/\/klaas.dk\/blog\/index.php?rest_route=\/wp\/v2\/pages\/45"}],"collection":[{"href":"https:\/\/klaas.dk\/blog\/index.php?rest_route=\/wp\/v2\/pages"}],"about":[{"href":"https:\/\/klaas.dk\/blog\/index.php?rest_route=\/wp\/v2\/types\/page"}],"author":[{"embeddable":true,"href":"https:\/\/klaas.dk\/blog\/index.php?rest_route=\/wp\/v2\/users\/2"}],"replies":[{"embeddable":true,"href":"https:\/\/klaas.dk\/blog\/index.php?rest_route=%2Fwp%2Fv2%2Fcomments&post=45"}],"version-history":[{"count":131,"href":"https:\/\/klaas.dk\/blog\/index.php?rest_route=\/wp\/v2\/pages\/45\/revisions"}],"predecessor-version":[{"id":2265,"href":"https:\/\/klaas.dk\/blog\/index.php?rest_route=\/wp\/v2\/pages\/45\/revisions\/2265"}],"wp:attachment":[{"href":"https:\/\/klaas.dk\/blog\/index.php?rest_route=%2Fwp%2Fv2%2Fmedia&parent=45"}],"curies":[{"name":"wp","href":"https:\/\/api.w.org\/{rel}","templated":true}]}}